{"id":352,"date":"2024-02-06T14:18:17","date_gmt":"2024-02-06T14:18:17","guid":{"rendered":"https:\/\/fffl.ifzg.hr\/?page_id=352"},"modified":"2025-09-17T10:01:55","modified_gmt":"2025-09-17T10:01:55","slug":"izlaganja","status":"publish","type":"page","link":"https:\/\/fffl.ifzg.hr\/index.php\/izlaganja\/","title":{"rendered":"Izlaganja"},"content":{"rendered":"\n<hr class=\"wp-block-separator has-alpha-channel-opacity\" style=\"margin-top:var(--wp--preset--spacing--30);margin-bottom:var(--wp--preset--spacing--30)\"\/>\n\n\n\n<div class=\"wp-block-columns is-layout-flex wp-container-core-columns-is-layout-28f84493 wp-block-columns-is-layout-flex\">\n<div class=\"wp-block-column is-layout-flow wp-block-column-is-layout-flow\" style=\"flex-basis:15%\"><\/div>\n\n\n\n<div class=\"wp-block-column is-layout-flow wp-block-column-is-layout-flow\" style=\"flex-basis:70%\">\n<p class=\"has-text-align-center has-large-font-size\"><a href=\"http:\/\/fffl.ifzg.hr\">Feministi\u010dka filozofija formalne logike<\/a><\/p>\n<\/div>\n\n\n\n<div class=\"wp-block-column is-layout-flow wp-block-column-is-layout-flow\" style=\"flex-basis:15%\"><\/div>\n<\/div>\n\n\n\n<div class=\"wp-block-columns is-layout-flex wp-container-core-columns-is-layout-28f84493 wp-block-columns-is-layout-flex\">\n<div class=\"wp-block-column is-layout-flow wp-block-column-is-layout-flow\" style=\"flex-basis:15%\"><\/div>\n\n\n\n<div class=\"wp-block-column is-layout-flow wp-block-column-is-layout-flow\" style=\"flex-basis:70%\">\n<div class=\"wp-block-buttons is-content-justification-center is-layout-flex wp-container-core-buttons-is-layout-a89b3969 wp-block-buttons-is-layout-flex\">\n<div class=\"wp-block-button\"><a class=\"wp-block-button__link has-small-font-size has-custom-font-size wp-element-button\" href=\"http:\/\/fffl.ifzg.hr\/index.php\/o_projektu\/\">O projektu<\/a><\/div>\n\n\n\n<div class=\"wp-block-button\"><a class=\"wp-block-button__link has-small-font-size has-custom-font-size wp-element-button\" href=\"https:\/\/fffl.ifzg.hr\/index.php\/clanovi_projekta\/\">\u010clanovi projekta<\/a><\/div>\n\n\n\n<div class=\"wp-block-button\"><a class=\"wp-block-button__link has-small-font-size has-custom-font-size wp-element-button\" href=\"https:\/\/fffl.ifzg.hr\/index.php\/publikacije\/\">Publikacije<\/a><\/div>\n\n\n\n<div class=\"wp-block-button\"><a class=\"wp-block-button__link has-small-font-size has-custom-font-size wp-element-button\" href=\"https:\/\/fffl.ifzg.hr\/index.php\/izlaganja\/\">Izlaganja<\/a><\/div>\n\n\n\n<div class=\"wp-block-button\"><a class=\"wp-block-button__link has-small-font-size has-custom-font-size wp-element-button\" href=\"https:\/\/fffl.ifzg.hr\/index.php\/poveznice\/\">Poveznice<\/a><\/div>\n\n\n\n<div class=\"wp-block-button\"><a class=\"wp-block-button__link has-small-font-size has-custom-font-size wp-element-button\" href=\"https:\/\/fffl.ifzg.hr\/index.php\/kontakt\/\">Kontakt<\/a><\/div>\n<\/div>\n<\/div>\n\n\n\n<div class=\"wp-block-column is-layout-flow wp-block-column-is-layout-flow\" style=\"flex-basis:15%\"><\/div>\n<\/div>\n\n\n\n<div class=\"wp-block-columns is-layout-flex wp-container-core-columns-is-layout-28f84493 wp-block-columns-is-layout-flex\">\n<div class=\"wp-block-column is-layout-flow wp-block-column-is-layout-flow\" style=\"flex-basis:15%\"><\/div>\n\n\n\n<div class=\"wp-block-column is-layout-flow wp-block-column-is-layout-flow\" style=\"flex-basis:70%\">\n<p class=\"has-large-font-size\">Izlaganja<\/p>\n<\/div>\n\n\n\n<div class=\"wp-block-column is-layout-flow wp-block-column-is-layout-flow\" style=\"flex-basis:15%\"><\/div>\n<\/div>\n\n\n\n<div class=\"wp-block-columns is-layout-flex wp-container-core-columns-is-layout-28f84493 wp-block-columns-is-layout-flex\">\n<div class=\"wp-block-column is-layout-flow wp-block-column-is-layout-flow\" style=\"flex-basis:15%\"><\/div>\n\n\n\n<div class=\"wp-block-column is-layout-flow wp-block-column-is-layout-flow\" style=\"flex-basis:70%\">\n<p>Ivan Restovi\u0107: \u201cLogic as a Feminist Nightmare\u201d,\u00a0<em>The 6th International Congress of the Portuguese Philosophical Society\u201d<\/em>, Sveu\u010dili\u0161te u Lisabonu, 1-3. rujna, 2025.\u00a0<br><a href=\"https:\/\/fffl.ifzg.hr\/wp-content\/uploads\/2025\/09\/2025-Ivan_Restovic-Logic_as_a_feminist_nightmare-abstract.pdf\" target=\"_blank\" rel=\"noreferrer noopener\">sa\u017eetak<\/a> \/ <a href=\"https:\/\/fffl.ifzg.hr\/wp-content\/uploads\/2025\/09\/2025-Ivan_Restovic-Logic_as_a_Feminist_Nightmare-presentation.pdf\" data-type=\"link\" data-id=\"https:\/\/fffl.ifzg.hr\/wp-content\/uploads\/2024\/11\/Slajdovi_UPF-20241025.pdf\" target=\"_blank\" rel=\"noreferrer noopener\">slajdovi<\/a><\/p>\n\n\n\n<p>Marko-Luka Zub\u010di\u0107: \u201cInstitutional Epistemology and Extreme Inequalities\u201d, <em>Me\u0111unarodna konferencija \u201cEstonian Annual Philosophy Conference\u201d<\/em>, School of Humanities, Tallinn University, 21. 8. 2025.&nbsp;<br><a href=\"https:\/\/fffl.ifzg.hr\/wp-content\/uploads\/2025\/09\/2025-Marko-Luka_Zubcic-IEEI-abstract.pdf\" target=\"_blank\" rel=\"noreferrer noopener\">sa\u017eetak<\/a> \/ <a href=\"https:\/\/fffl.ifzg.hr\/wp-content\/uploads\/2025\/09\/2025-Marko-Luka_Zubcic-IEEI-presentation.pdf\" data-type=\"link\" data-id=\"https:\/\/fffl.ifzg.hr\/wp-content\/uploads\/2024\/11\/Slajdovi_UPF-20241025.pdf\" target=\"_blank\" rel=\"noreferrer noopener\">slajdovi<\/a><\/p>\n\n\n\n<p>Marko-Luka Zub\u010di\u0107: \u201cInstitutional Epistemology and Extreme Inequalities\u201d, <em>Me\u0111unarodna konferencija \u201cPolitics, Philosophy and Economics Society London First Annual Meeting\u201d, <\/em>King\u2019s College London, 17. 7. 2025.<br><a href=\"https:\/\/fffl.ifzg.hr\/wp-content\/uploads\/2025\/09\/2025-Marko-Luka_Zubcic-IEEI-abstract.pdf\" target=\"_blank\" rel=\"noreferrer noopener\">sa\u017eetak<\/a> \/ <a href=\"https:\/\/fffl.ifzg.hr\/wp-content\/uploads\/2025\/09\/2025-Marko-Luka_Zubcic-IEEI-presentation.pdf\" data-type=\"link\" data-id=\"https:\/\/fffl.ifzg.hr\/wp-content\/uploads\/2024\/11\/Slajdovi_UPF-20241025.pdf\" target=\"_blank\" rel=\"noreferrer noopener\">slajdovi<\/a><\/p>\n\n\n\n<p>Marko-Luka Zub\u010di\u0107: \u201cSocial Inequalities and Epistemic Reliability in Governance\u201d,<em> Me\u0111unarodna konferencija Frontiers of Politics: Transforming Democracies in the Digital Communication Age<\/em>, Sveu\u010dili\u0161te u Udinama, Sveu\u010dili\u0161te u Campania Vanvitelli, Italian Institute of the Future, 20. 6. 2025., pozvani predava\u010d<br><a href=\"https:\/\/fffl.ifzg.hr\/wp-content\/uploads\/2025\/09\/2025-Marko-Luka_Zubcic-IEEI-abstract.pdf\" target=\"_blank\" rel=\"noreferrer noopener\">sa\u017eetak<\/a> \/ <a href=\"https:\/\/fffl.ifzg.hr\/wp-content\/uploads\/2025\/09\/2025-Marko-Luka_Zubcic-IEEI-presentation.pdf\" data-type=\"link\" data-id=\"https:\/\/fffl.ifzg.hr\/wp-content\/uploads\/2024\/11\/Slajdovi_UPF-20241025.pdf\" target=\"_blank\" rel=\"noreferrer noopener\">slajdovi<\/a><\/p>\n\n\n\n<p>Marko-Luka Zub\u010di\u0107: \u201cCommentary on Jessica Brown\u2019s Group Evidence Account\u201d, <em>Me\u0111unarodna konferencija<\/em> <em>Institutional Epistemology Workshop 2025,<\/em> Sveu\u010dili\u0161te u Helsinkiju, 18. 6. 2025., pozvani komentator naslovnog predavanja<\/p>\n\n\n\n<p>Marko-Luka Zub\u010di\u0107: \u201cEpistemi\u010dke funkcije razuma\u201c, Kolokvij na Institutu za filozofiju, 15. 1. 2025.<\/p>\n\n\n\n<p>Ivan Restovi\u0107: &#8220;Feministi\u010dka logika, kontekst otkri\u0107a i kontekst opravdanja&#8221;, <em>Godi\u0161nja konferencija Udruge za promicanje filozofije &#8220;Naslje\u0111e u filozofiji: kontinuitet i promjene&#8221;<\/em>, Institut za filozofiju, Zagreb, 25. listopada 2024.&nbsp;<br><a href=\"https:\/\/fffl.ifzg.hr\/wp-content\/uploads\/2024\/11\/Sazetak_UPF-20241025.pdf\" target=\"_blank\" rel=\"noreferrer noopener\">sa\u017eetak<\/a> \/ <a href=\"https:\/\/fffl.ifzg.hr\/wp-content\/uploads\/2024\/11\/Slajdovi_UPF-20241025.pdf\" data-type=\"link\" data-id=\"https:\/\/fffl.ifzg.hr\/wp-content\/uploads\/2024\/11\/Slajdovi_UPF-20241025.pdf\" target=\"_blank\" rel=\"noreferrer noopener\">slajdovi<\/a><\/p>\n\n\n\n<p>Ivan Restovi\u0107: &#8220;A curious case of feminist logic&#8221;, <em>XI. konferencija udruge &#8220;Spanish Society of Logic, Methodology and Philosophy of Science&#8221; (XI SLMFCE),<\/em>&nbsp;Sveu\u010dili\u0161te u Oviedu, 16\u201319. srpnja 2024.&nbsp;<br><a href=\"https:\/\/fffl.ifzg.hr\/wp-content\/uploads\/2024\/09\/IR_Oviedo_abstract-20240716.pdf\" target=\"_blank\" rel=\"noreferrer noopener\">sa\u017eetak<\/a> \/ <a href=\"https:\/\/fffl.ifzg.hr\/wp-content\/uploads\/2024\/09\/IR_-A_Curious_Case_of_Feminist_Logic_slides-20240716.pdf\" target=\"_blank\" rel=\"noreferrer noopener\">slajdovi<\/a><\/p>\n\n\n\n<p>Ivan Restovi\u0107: &#8220;A feminist fuzzy model of gender identity&#8221;, <em>LogIn Project Workshop: Amplifying underrepresented voices in formal philosophy<\/em> (King\u2019s College London, 26. travnja 2024.)<br><a href=\"https:\/\/fffl.ifzg.hr\/wp-content\/uploads\/2024\/05\/IR_A_feminist_fuzzy_model_of_gender_identity_abstract.pdf\" target=\"_blank\" rel=\"noreferrer noopener\">sa\u017eetak<\/a>  \/  <a href=\"https:\/\/fffl.ifzg.hr\/wp-content\/uploads\/2024\/05\/IR_A_feminist_fuzzy_model_of_gender_identity_slides.pdf\" target=\"_blank\" rel=\"noreferrer noopener\">slajdovi<\/a><\/p>\n<\/div>\n\n\n\n<div class=\"wp-block-column is-layout-flow wp-block-column-is-layout-flow\" style=\"flex-basis:15%\"><\/div>\n<\/div>\n\n\n\n<hr class=\"wp-block-separator has-alpha-channel-opacity\" style=\"margin-top:var(--wp--preset--spacing--20);margin-bottom:var(--wp--preset--spacing--20)\"\/>\n\n\n\n<div class=\"wp-block-columns is-layout-flex wp-container-core-columns-is-layout-28f84493 wp-block-columns-is-layout-flex\">\n<div class=\"wp-block-column is-layout-flow wp-block-column-is-layout-flow\" style=\"flex-basis:15%\"><\/div>\n\n\n\n<div class=\"wp-block-column is-layout-flow wp-block-column-is-layout-flow\" style=\"flex-basis:70%\"><\/div>\n\n\n\n<div class=\"wp-block-column is-layout-flow wp-block-column-is-layout-flow\" style=\"flex-basis:15%\"><\/div>\n<\/div>\n","protected":false},"excerpt":{"rendered":"<p>Feministi\u010dka filozofija formalne logike Izlaganja Ivan Restovi\u0107: \u201cLogic as a Feminist Nightmare\u201d,\u00a0The 6th International Congress of the Portuguese Philosophical Society\u201d, Sveu\u010dili\u0161te u Lisabonu, 1-3. rujna, 2025.\u00a0sa\u017eetak \/ slajdovi Marko-Luka Zub\u010di\u0107: \u201cInstitutional Epistemology and Extreme Inequalities\u201d, Me\u0111unarodna konferencija \u201cEstonian Annual Philosophy Conference\u201d, School of Humanities, Tallinn University, 21. 8. 2025.&nbsp;sa\u017eetak \/ slajdovi Marko-Luka Zub\u010di\u0107: \u201cInstitutional Epistemology [&hellip;]<\/p>\n","protected":false},"author":3,"featured_media":0,"parent":0,"menu_order":0,"comment_status":"closed","ping_status":"closed","template":"page-no-title","meta":{"footnotes":""},"class_list":["post-352","page","type-page","status-publish","hentry"],"_links":{"self":[{"href":"https:\/\/fffl.ifzg.hr\/index.php\/wp-json\/wp\/v2\/pages\/352","targetHints":{"allow":["GET"]}}],"collection":[{"href":"https:\/\/fffl.ifzg.hr\/index.php\/wp-json\/wp\/v2\/pages"}],"about":[{"href":"https:\/\/fffl.ifzg.hr\/index.php\/wp-json\/wp\/v2\/types\/page"}],"author":[{"embeddable":true,"href":"https:\/\/fffl.ifzg.hr\/index.php\/wp-json\/wp\/v2\/users\/3"}],"replies":[{"embeddable":true,"href":"https:\/\/fffl.ifzg.hr\/index.php\/wp-json\/wp\/v2\/comments?post=352"}],"version-history":[{"count":20,"href":"https:\/\/fffl.ifzg.hr\/index.php\/wp-json\/wp\/v2\/pages\/352\/revisions"}],"predecessor-version":[{"id":611,"href":"https:\/\/fffl.ifzg.hr\/index.php\/wp-json\/wp\/v2\/pages\/352\/revisions\/611"}],"wp:attachment":[{"href":"https:\/\/fffl.ifzg.hr\/index.php\/wp-json\/wp\/v2\/media?parent=352"}],"curies":[{"name":"wp","href":"https:\/\/api.w.org\/{rel}","templated":true}]}}