{"id":372,"date":"2024-02-06T14:32:37","date_gmt":"2024-02-06T14:32:37","guid":{"rendered":"https:\/\/fffl.ifzg.hr\/?page_id=372"},"modified":"2024-09-19T09:21:54","modified_gmt":"2024-09-19T09:21:54","slug":"members","status":"publish","type":"page","link":"https:\/\/fffl.ifzg.hr\/index.php\/members\/","title":{"rendered":"Members"},"content":{"rendered":"\n<hr class=\"wp-block-separator has-alpha-channel-opacity\" style=\"margin-top:var(--wp--preset--spacing--30);margin-bottom:var(--wp--preset--spacing--30)\"\/>\n\n\n\n<div class=\"wp-block-columns is-layout-flex wp-container-core-columns-is-layout-28f84493 wp-block-columns-is-layout-flex\">\n<div class=\"wp-block-column is-layout-flow wp-block-column-is-layout-flow\" style=\"flex-basis:15%\"><\/div>\n\n\n\n<div class=\"wp-block-column is-layout-flow wp-block-column-is-layout-flow\" style=\"flex-basis:70%\">\n<p class=\"has-text-align-center has-large-font-size\"><a href=\"http:\/\/fffl.ifzg.hr\">Feminist Philosophy of Formal Logic<\/a><\/p>\n<\/div>\n\n\n\n<div class=\"wp-block-column is-layout-flow wp-block-column-is-layout-flow\" style=\"flex-basis:15%\"><\/div>\n<\/div>\n\n\n\n<div class=\"wp-block-columns is-layout-flex wp-container-core-columns-is-layout-28f84493 wp-block-columns-is-layout-flex\">\n<div class=\"wp-block-column is-layout-flow wp-block-column-is-layout-flow\" style=\"flex-basis:15%\"><\/div>\n\n\n\n<div class=\"wp-block-column is-layout-flow wp-block-column-is-layout-flow\" style=\"flex-basis:70%\">\n<div class=\"wp-block-buttons is-content-justification-center is-layout-flex wp-container-core-buttons-is-layout-a89b3969 wp-block-buttons-is-layout-flex\">\n<div class=\"wp-block-button has-custom-font-size has-small-font-size\"><a class=\"wp-block-button__link wp-element-button\" href=\"https:\/\/fffl.ifzg.hr\/index.php\/about_the_project\/\">About the project<\/a><\/div>\n\n\n\n<div class=\"wp-block-button has-custom-font-size has-small-font-size\"><a class=\"wp-block-button__link wp-element-button\" href=\"https:\/\/fffl.ifzg.hr\/index.php\/members\/\">Members<\/a><\/div>\n\n\n\n<div class=\"wp-block-button has-custom-font-size has-small-font-size\"><a class=\"wp-block-button__link wp-element-button\" href=\"https:\/\/fffl.ifzg.hr\/index.php\/publications\/\">Publications<\/a><\/div>\n\n\n\n<div class=\"wp-block-button has-custom-font-size has-small-font-size\"><a class=\"wp-block-button__link wp-element-button\" href=\"https:\/\/fffl.ifzg.hr\/index.php\/talks\/\">Talks<\/a><\/div>\n\n\n\n<div class=\"wp-block-button has-custom-font-size has-small-font-size\"><a class=\"wp-block-button__link wp-element-button\" href=\"https:\/\/fffl.ifzg.hr\/index.php\/links\/\">Links<\/a><\/div>\n\n\n\n<div class=\"wp-block-button has-custom-font-size has-small-font-size\"><a class=\"wp-block-button__link wp-element-button\" href=\"https:\/\/fffl.ifzg.hr\/index.php\/contact\/\">Contact<\/a><\/div>\n<\/div>\n<\/div>\n\n\n\n<div class=\"wp-block-column is-layout-flow wp-block-column-is-layout-flow\" style=\"flex-basis:15%\"><\/div>\n<\/div>\n\n\n\n<div class=\"wp-block-columns is-layout-flex wp-container-core-columns-is-layout-28f84493 wp-block-columns-is-layout-flex\">\n<div class=\"wp-block-column is-layout-flow wp-block-column-is-layout-flow\" style=\"flex-basis:15%\"><\/div>\n\n\n\n<div class=\"wp-block-column is-layout-flow wp-block-column-is-layout-flow\" style=\"flex-basis:70%\">\n<p class=\"has-large-font-size\">Members<\/p>\n<\/div>\n\n\n\n<div class=\"wp-block-column is-layout-flow wp-block-column-is-layout-flow\" style=\"flex-basis:15%\"><\/div>\n<\/div>\n\n\n\n<div class=\"wp-block-columns is-layout-flex wp-container-core-columns-is-layout-28f84493 wp-block-columns-is-layout-flex\">\n<div class=\"wp-block-column is-layout-flow wp-block-column-is-layout-flow\" style=\"flex-basis:15%\"><\/div>\n\n\n\n<div class=\"wp-block-column is-layout-flow wp-block-column-is-layout-flow\" style=\"flex-basis:70%\">\n<p><a href=\"https:\/\/www.ifzg.hr\/djelatnici\/restovic-zivotopis\/\" target=\"_blank\" rel=\"noreferrer noopener\">Ivan Restovi\u0107<\/a> (Principal Investigator), Institute of Philosophy, Zagreb<\/p>\n\n\n\n<p><em><a href=\"https:\/\/www.croris.hr\/osobe\/profil\/33227\" target=\"_blank\" rel=\"noreferrer noopener\">CroRIS<\/a><\/em><br><em><a href=\"https:\/\/scholar.google.com\/citations?user=Voez1CgAAAAJ&amp;hl=en&amp;oi=ao\" target=\"_blank\" rel=\"noreferrer noopener\">Google Scholar<\/a><\/em><br><em><a href=\"https:\/\/www.ifzg.hr\/djelatnici\/restovic-bibliografija\/\" data-type=\"link\" data-id=\"https:\/\/www.ifzg.hr\/djelatnici\/restovic-bibliografija\/\" target=\"_blank\" rel=\"noreferrer noopener\">Bibliography<\/a><\/em><\/p>\n\n\n\n<hr class=\"wp-block-separator has-text-color has-base-color has-alpha-channel-opacity has-base-background-color has-background is-style-wide\"\/>\n\n\n\n<p><a href=\"https:\/\/www.ifzg.hr\/djelatnici\/zubcic-zivotopis\/\" target=\"_blank\" rel=\"noreferrer noopener\">Marko-Luka Zub\u010di\u0107<\/a>, Institute of Philosophy, Zagreb<\/p>\n\n\n\n<p><em><a href=\"https:\/\/www.croris.hr\/osobe\/profil\/46674\" target=\"_blank\" rel=\"noreferrer noopener\">CroRIS<\/a><\/em><br><em><a href=\"https:\/\/scholar.google.com\/citations?user=MYApc8cAAAAJ&amp;hl=en&amp;oi=ao\" target=\"_blank\" rel=\"noreferrer noopener\">Google Scholar<\/a><\/em><\/p>\n\n\n\n<hr class=\"wp-block-separator has-alpha-channel-opacity\" style=\"margin-top:var(--wp--preset--spacing--20);margin-bottom:var(--wp--preset--spacing--20)\"\/>\n<\/div>\n\n\n\n<div class=\"wp-block-column is-layout-flow wp-block-column-is-layout-flow\" style=\"flex-basis:15%\"><\/div>\n<\/div>\n\n\n\n<div class=\"wp-block-columns is-layout-flex wp-container-core-columns-is-layout-28f84493 wp-block-columns-is-layout-flex\">\n<div class=\"wp-block-column is-layout-flow wp-block-column-is-layout-flow\" style=\"flex-basis:15%\"><\/div>\n\n\n\n<div class=\"wp-block-column is-layout-flow wp-block-column-is-layout-flow\" style=\"flex-basis:70%\"><\/div>\n\n\n\n<div class=\"wp-block-column is-layout-flow wp-block-column-is-layout-flow\" style=\"flex-basis:15%\"><\/div>\n<\/div>\n","protected":false},"excerpt":{"rendered":"<p>Feminist Philosophy of Formal Logic Members Ivan Restovi\u0107 (Principal Investigator), Institute of Philosophy, Zagreb CroRISGoogle ScholarBibliography Marko-Luka Zub\u010di\u0107, Institute of Philosophy, Zagreb CroRISGoogle Scholar<\/p>\n","protected":false},"author":3,"featured_media":0,"parent":0,"menu_order":0,"comment_status":"closed","ping_status":"closed","template":"page-no-title","meta":{"footnotes":""},"class_list":["post-372","page","type-page","status-publish","hentry"],"_links":{"self":[{"href":"https:\/\/fffl.ifzg.hr\/index.php\/wp-json\/wp\/v2\/pages\/372","targetHints":{"allow":["GET"]}}],"collection":[{"href":"https:\/\/fffl.ifzg.hr\/index.php\/wp-json\/wp\/v2\/pages"}],"about":[{"href":"https:\/\/fffl.ifzg.hr\/index.php\/wp-json\/wp\/v2\/types\/page"}],"author":[{"embeddable":true,"href":"https:\/\/fffl.ifzg.hr\/index.php\/wp-json\/wp\/v2\/users\/3"}],"replies":[{"embeddable":true,"href":"https:\/\/fffl.ifzg.hr\/index.php\/wp-json\/wp\/v2\/comments?post=372"}],"version-history":[{"count":18,"href":"https:\/\/fffl.ifzg.hr\/index.php\/wp-json\/wp\/v2\/pages\/372\/revisions"}],"predecessor-version":[{"id":559,"href":"https:\/\/fffl.ifzg.hr\/index.php\/wp-json\/wp\/v2\/pages\/372\/revisions\/559"}],"wp:attachment":[{"href":"https:\/\/fffl.ifzg.hr\/index.php\/wp-json\/wp\/v2\/media?parent=372"}],"curies":[{"name":"wp","href":"https:\/\/api.w.org\/{rel}","templated":true}]}}